{"id":133,"date":"2024-06-04T12:14:24","date_gmt":"2024-06-04T10:14:24","guid":{"rendered":"https:\/\/basen.zgkandrychow.pl\/?page_id=133"},"modified":"2025-07-28T16:12:54","modified_gmt":"2025-07-28T14:12:54","slug":"cennik","status":"publish","type":"page","link":"https:\/\/basen.zgkandrychow.pl\/index.php\/cennik\/","title":{"rendered":"Cennik"},"content":{"rendered":"\t\t<div data-elementor-type=\"wp-page\" data-elementor-id=\"133\" class=\"elementor elementor-133\" data-elementor-post-type=\"page\">\n\t\t\t\t<div class=\"elementor-element elementor-element-576e25c9 e-flex e-con-boxed e-con e-parent\" data-id=\"576e25c9\" data-element_type=\"container\">\n\t\t\t\t\t<div class=\"e-con-inner\">\n\t\t\t\t<div class=\"elementor-element elementor-element-2701afb8 elementor-widget elementor-widget-heading\" data-id=\"2701afb8\" data-element_type=\"widget\" data-widget_type=\"heading.default\">\n\t\t\t\t<div class=\"elementor-widget-container\">\n\t\t\t\t\t<h2 class=\"elementor-heading-title elementor-size-default\">Cennik Basenu K\u0105pielowego w Andrychowie na rok 2025<\/h2>\t\t\t\t<\/div>\n\t\t\t\t<\/div>\n\t\t\t\t\t<\/div>\n\t\t\t\t<\/div>\n\t\t<div class=\"elementor-element elementor-element-1c84277 e-flex e-con-boxed e-con e-parent\" data-id=\"1c84277\" data-element_type=\"container\">\n\t\t\t\t\t<div class=\"e-con-inner\">\n\t\t<div class=\"elementor-element elementor-element-6569362 e-con-full e-flex e-con e-child\" data-id=\"6569362\" data-element_type=\"container\">\n\t\t\t\t<div class=\"elementor-element elementor-element-93e7e39 elementor-widget elementor-widget-html\" data-id=\"93e7e39\" data-element_type=\"widget\" data-widget_type=\"html.default\">\n\t\t\t\t<div class=\"elementor-widget-container\">\n\t\t\t\t\t<h2>Basen K\u0105pielowy w Andrychowie \u2013 Cennik<\/h2>\n\n<table border=\"1\" cellpadding=\"10\" cellspacing=\"0\" style=\"border-collapse: collapse; width: 100%; text-align: left;\">\n  <thead>\n    <tr>\n      <th rowspan=\"2\"> <\/th>\n      <th colspan=\"3\">Bilet wst\u0119pu na basen k\u0105pielowy<\/th>\n    <\/tr>\n    <tr>\n      <th>dni robocze<br>(poniedzia\u0142ek \u2013 pi\u0105tek)<\/th>\n      <th>weekendy i \u015bwi\u0119ta<\/th>\n      <th>po 16.00<\/th>\n    <\/tr>\n  <\/thead>\n  <tbody>\n    <tr>\n      <td>Bilety dla dzieci do 6 lat.<\/td>\n      <td>8,00 z\u0142<\/td>\n      <td>8,00 z\u0142<\/td>\n      <td>8,00 z\u0142<\/td>\n    <\/tr>\n    <tr>\n      <td>Bilety dla dzieci i m\u0142odzie\u017cy szkolnej do 18 roku \u017cycia po okazaniu dokumentu to\u017csamo\u015bci potwierdzaj\u0105cego wiek i miejsce zamieszkania na terenie Gminy Andrych\u00f3w.<\/td>\n      <td>8,00 z\u0142<\/td>\n      <td>8,00 z\u0142<\/td>\n      <td>8,00 z\u0142<\/td>\n    <\/tr>\n    <tr>\n      <td>Bilety dla m\u0142odzie\u017cy szkolnej, student\u00f3w do 25 lat, emeryt\u00f3w po okazaniu legitymacji oraz dla os\u00f3b niepe\u0142nosprawnych ze znacznym i umiarkowanym stopniem niepe\u0142nosprawno\u015bci.<\/td>\n      <td>20,00 z\u0142<\/td>\n      <td>30,00 z\u0142<\/td>\n      <td>18,00 z\u0142<\/td>\n    <\/tr>\n    <tr>\n      <td>Bilet pe\u0142nop\u0142atny.<\/td>\n      <td>30,00 z\u0142<\/td>\n      <td>35,00 z\u0142<\/td>\n      <td>20,00 z\u0142<\/td>\n    <\/tr>\n    <tr>\n      <td>Weterani dzia\u0142a\u0144 wojennych po okazaniu legitymacji weterana oraz dokumentu to\u017csamo\u015bci.<\/td>\n      <td>0,00 z\u0142<\/td>\n      <td>0,00 z\u0142<\/td>\n      <td>0,00 z\u0142<\/td>\n    <\/tr>\n    <tr>\n      <td>Bilety dla dzieci do 6 lat z kart\u0105 Andrychowska rodzina na plus.<\/td>\n      <td colspan=\"3\">5,00 z\u0142<\/td>\n    <\/tr>\n    <tr>\n      <td>Bilety dla student\u00f3w do 25 lat, emeryt\u00f3w po okazaniu legitymacji oraz dla os\u00f3b niepe\u0142nosprawnych ze znacznym i umiarkowanym stopniem niepe\u0142nosprawno\u015bci z kart\u0105 Andrychowska rodzina na plus.<\/td>\n      <td colspan=\"3\">15,00 z\u0142<\/td>\n    <\/tr>\n    <tr>\n      <td>Bilet pe\u0142nop\u0142atny z kart\u0105 Andrychowska rodzina na plus.<\/td>\n      <td colspan=\"3\">20,00 z\u0142<\/td>\n    <\/tr>\n    <tr>\n      <td>Karnet miesi\u0119czny z kart\u0105 Andrychowska rodzina na plus.<\/td>\n      <td colspan=\"3\">240,00 z\u0142<\/td>\n    <\/tr>\n    <tr>\n      <td>Zorganizowane grupy z opiekunem min. 10 os\u00f3b.<\/td>\n      <td colspan=\"3\">20,00 z\u0142<\/td>\n    <\/tr>\n    <tr>\n      <td>Rezerwacja toru basenu p\u0142ywackiego 1 godzina = 60 minut.<\/td>\n      <td>165,00 z\u0142 + bilet wst\u0119pu<\/td>\n      <td>180,00 z\u0142 + bilet wst\u0119pu<\/td>\n      <td>165,00 z\u0142 + bilet wst\u0119pu<\/td>\n    <\/tr>\n    <tr>\n      <td>Karnet miesi\u0119czny (30 wej\u015b\u0107).<\/td>\n      <td colspan=\"3\">350,00 z\u0142<\/td>\n    <\/tr>\n    <tr>\n      <td>Wypo\u017cyczenie le\u017caka.<\/td>\n      <td>18,00 z\u0142<\/td>\n      <td>20,00 z\u0142<\/td>\n      <td>10,00 z\u0142<\/td>\n    <\/tr>\n    <tr>\n      <td>Wypo\u017cyczenie pi\u0142ki.<\/td>\n      <td colspan=\"3\">10,00 z\u0142<\/td>\n    <\/tr>\n  <\/tbody>\n<\/table>\n\n<p><strong>Obowi\u0105zuje od dnia 23.07.2025 r.<\/strong><\/p>\n\n<ul>\n  <li>W\/w ceny s\u0105 brutto.<\/li>\n  <li>Opr\u00f3cz op\u0142aty rezerwacyjnej pobierana jest op\u0142ata za wst\u0119p na Basen K\u0105pielowy.<\/li>\n  <li>Osoby korzystaj\u0105ce z boiska do pi\u0142ki siatkowej nieposiadaj\u0105ce op\u0142aty rezerwacyjnej zobowi\u0105zane s\u0105 do opuszczenia boiska w celu umo\u017cliwienia gry osobom posiadaj\u0105cym op\u0142at\u0119 rezerwacyjn\u0105.<\/li>\n<\/ul>\t\t\t\t<\/div>\n\t\t\t\t<\/div>\n\t\t\t\t<\/div>\n\t\t\t\t\t<\/div>\n\t\t\t\t<\/div>\n\t\t<div class=\"elementor-element elementor-element-9ad4f28 e-flex e-con-boxed e-con e-parent\" data-id=\"9ad4f28\" data-element_type=\"container\">\n\t\t\t\t\t<div class=\"e-con-inner\">\n\t\t\t\t<div class=\"elementor-element elementor-element-79b4397 elementor-widget elementor-widget-text-editor\" data-id=\"79b4397\" data-element_type=\"widget\" data-widget_type=\"text-editor.default\">\n\t\t\t\t<div class=\"elementor-widget-container\">\n\t\t\t\t\t\t\t\t\t<p>\u00a0<\/p><p><strong>Zarz\u0105dzenie Nr 381\/2025 r.<\/strong><\/p><p><strong>Zarz\u0105du Sp\u00f3\u0142ki<\/strong><\/p><p><strong>Zak\u0142adu Gospodarki Komunalnej<\/strong><\/p><p><strong>Sp. z o. o. w Andrychowie<\/strong><\/p><p><strong>z dnia 23.07.2025 r.\u00a0 <\/strong><\/p><p><strong>w sprawie: <\/strong><strong>\u00a0<\/strong>ustalenia wysoko\u015bci cen bilet\u00f3w wst\u0119pu i innych op\u0142at\u00a0 za korzystanie z obiekt\u00f3w Basenu K\u0105pielowego w Andrychowie.<\/p><p>Na podstawie \u00a7 8 pkt 6 Regulaminu Zarz\u0105du Sp\u00f3\u0142ki, Zak\u0142adu Gospodarki Komunalnej Sp. z o. o. w Andrychowie.<\/p><p style=\"text-align: center;\"><strong>Zarz\u0105d Sp\u00f3\u0142ki zarz\u0105dza co nast\u0119puje: <\/strong><\/p><p style=\"text-align: center;\"><strong>\u00a71<\/strong><\/p><ol><li>Basen K\u0105pielowy jest obiektem Zak\u0142adu Gospodarki Komunalnej Sp\u00f3\u0142ka z ograniczon\u0105 odpowiedzialno\u015bci\u0105 34-120 Andrych\u00f3w, ul. Batorego 24.<\/li><li>Wynajem Basenu K\u0105pielowego na organizacj\u0119 imprez sportowo-rekreacyjnych i kulturalnych przez osoby fizyczne, zak\u0142ady pracy oraz inne podmioty jest odp\u0142atne na zasadach i\u00a0wysoko\u015bciach ustalanych ka\u017cdorazowo przez Zarz\u0105d Zak\u0142adu Gospodarki Komunalnej Sp\u00f3\u0142ka z\u00a0ograniczon\u0105 odpowiedzialno\u015bci\u0105 .<\/li><li>Zarz\u0105d Sp\u00f3\u0142ki indywidualnie ustala wysoko\u015b\u0107 ceny biletu wst\u0119pu na basen k\u0105pielowy z podmiotami z kt\u00f3rymi zawiera umow\u0119 o \u015bwiadczenie us\u0142ug.<\/li><\/ol><p style=\"text-align: center;\"><strong>\u00a72<\/strong><\/p><p>Wykaz cen bilet\u00f3w wst\u0119pu oraz innych op\u0142at stanowi za\u0142\u0105cznik nr 1 do niniejszego Zarz\u0105dzenia.<\/p><p style=\"text-align: center;\"><strong>\u00a73<\/strong><\/p><p>Traci moc Zarz\u0105dzenie Nr 379\/2025 r. Zarz\u0105du Sp\u00f3\u0142ki Zak\u0142adu Gospodarki Komunalnej Sp. z o. o. w Andrychowie z dnia 04.06.2025 r. w sprawie ustalenia wysoko\u015bci cen bilet\u00f3w wst\u0119pu i innych op\u0142at\u00a0 za korzystanie\u00a0 z obiekt\u00f3w Basenu K\u0105pielowego w Andrychowie.<\/p><p style=\"text-align: center;\"><strong>\u00a74<\/strong><\/p><p>Zarz\u0105dzenie wchodzi w \u017cycie z dniem podj\u0119cia.<\/p>\t\t\t\t\t\t\t\t<\/div>\n\t\t\t\t<\/div>\n\t\t\t\t\t<\/div>\n\t\t\t\t<\/div>\n\t\t\t\t<\/div>\n\t\t","protected":false},"excerpt":{"rendered":"<p>Cennik Basenu K\u0105pielowego w Andrychowie na rok 2025 Basen K\u0105pielowy w Andrychowie \u2013 Cennik Bilet wst\u0119pu na basen k\u0105pielowy dni robocze(poniedzia\u0142ek \u2013 pi\u0105tek) weekendy i \u015bwi\u0119ta po 16.00 Bilety dla dzieci do 6 lat. 8,00 z\u0142 8,00 z\u0142 8,00 z\u0142 Bilety dla dzieci i m\u0142odzie\u017cy szkolnej do 18 roku \u017cycia po okazaniu dokumentu to\u017csamo\u015bci potwierdzaj\u0105cego [&hellip;]<\/p>\n","protected":false},"author":1,"featured_media":0,"parent":0,"menu_order":0,"comment_status":"closed","ping_status":"closed","template":"elementor_header_footer","meta":{"footnotes":""},"class_list":["post-133","page","type-page","status-publish","hentry"],"_links":{"self":[{"href":"https:\/\/basen.zgkandrychow.pl\/index.php\/wp-json\/wp\/v2\/pages\/133","targetHints":{"allow":["GET"]}}],"collection":[{"href":"https:\/\/basen.zgkandrychow.pl\/index.php\/wp-json\/wp\/v2\/pages"}],"about":[{"href":"https:\/\/basen.zgkandrychow.pl\/index.php\/wp-json\/wp\/v2\/types\/page"}],"author":[{"embeddable":true,"href":"https:\/\/basen.zgkandrychow.pl\/index.php\/wp-json\/wp\/v2\/users\/1"}],"replies":[{"embeddable":true,"href":"https:\/\/basen.zgkandrychow.pl\/index.php\/wp-json\/wp\/v2\/comments?post=133"}],"version-history":[{"count":43,"href":"https:\/\/basen.zgkandrychow.pl\/index.php\/wp-json\/wp\/v2\/pages\/133\/revisions"}],"predecessor-version":[{"id":363,"href":"https:\/\/basen.zgkandrychow.pl\/index.php\/wp-json\/wp\/v2\/pages\/133\/revisions\/363"}],"wp:attachment":[{"href":"https:\/\/basen.zgkandrychow.pl\/index.php\/wp-json\/wp\/v2\/media?parent=133"}],"curies":[{"name":"wp","href":"https:\/\/api.w.org\/{rel}","templated":true}]}}